{"id":2516,"date":"2026-01-05T18:34:59","date_gmt":"2026-01-05T18:34:59","guid":{"rendered":"https:\/\/penzionhosnar.com\/privat-wellness\/"},"modified":"2026-04-08T10:45:07","modified_gmt":"2026-04-08T10:45:07","slug":"privat-wellness","status":"publish","type":"page","link":"https:\/\/penzionhosnar.com\/de\/privat-wellness\/","title":{"rendered":"Privat Wellness"},"content":{"rendered":"\t\t<div data-elementor-type=\"wp-page\" data-elementor-id=\"2516\" class=\"elementor elementor-2516 elementor-1929\" data-elementor-post-type=\"page\">\n\t\t\t\t<div class=\"elementor-element elementor-element-6fe60c3 e-flex e-con-boxed e-con e-parent\" data-id=\"6fe60c3\" data-element_type=\"container\">\n\t\t\t\t\t<div class=\"e-con-inner\">\n\t\t\t\t<div class=\"elementor-element elementor-element-a932452 elementor-widget__width-auto elementor-widget elementor-widget-heading\" data-id=\"a932452\" data-element_type=\"widget\" data-widget_type=\"heading.default\">\n\t\t\t\t<div class=\"elementor-widget-container\">\n\t\t\t\t\t<h1 class=\"elementor-heading-title elementor-size-default\"><br>PRIVAT WELLNESS<br>Sauna &amp; Jacuzzi unter freiem Himmel<\/h1>\t\t\t\t<\/div>\n\t\t\t\t<\/div>\n\t\t<div class=\"elementor-element elementor-element-7978ed5 e-con-full e-grid e-con e-child\" data-id=\"7978ed5\" data-element_type=\"container\">\n\t\t\t\t<div class=\"elementor-element elementor-element-fd53d8a elementor-widget__width-auto elementor-widget elementor-widget-heading\" data-id=\"fd53d8a\" data-element_type=\"widget\" data-widget_type=\"heading.default\">\n\t\t\t\t<div class=\"elementor-widget-container\">\n\t\t\t\t\t<h2 class=\"elementor-heading-title elementor-size-default\">Entfliehen Sie dem Alltag und tauchen Sie ein in das intime Ambiente unseres Outdoor-Spa. F\u00fcr Ihre ultimative Entspannung. <\/h2>\t\t\t\t<\/div>\n\t\t\t\t<\/div>\n\t\t\t\t<\/div>\n\t\t\t\t\t<\/div>\n\t\t\t\t<\/div>\n\t\t<div class=\"elementor-element elementor-element-ed0cad2 e-con-full e-flex e-con e-parent\" data-id=\"ed0cad2\" data-element_type=\"container\">\n\t\t\t\t<div class=\"elementor-element elementor-element-603c5a7 elementor-widget__width-auto elementor-arrows-position-inside elementor-widget elementor-widget-image-carousel\" data-id=\"603c5a7\" data-element_type=\"widget\" data-settings=\"{&quot;navigation&quot;:&quot;arrows&quot;,&quot;autoplay_speed&quot;:3500,&quot;slides_to_show&quot;:&quot;1&quot;,&quot;autoplay&quot;:&quot;yes&quot;,&quot;pause_on_hover&quot;:&quot;yes&quot;,&quot;pause_on_interaction&quot;:&quot;yes&quot;,&quot;infinite&quot;:&quot;yes&quot;,&quot;effect&quot;:&quot;slide&quot;,&quot;speed&quot;:500}\" data-widget_type=\"image-carousel.default\">\n\t\t\t\t<div class=\"elementor-widget-container\">\n\t\t\t\t\t\t\t<div class=\"elementor-image-carousel-wrapper swiper\" role=\"region\" aria-roledescription=\"carousel\" aria-label=\"Image Carousel\" dir=\"ltr\">\n\t\t\t<div class=\"elementor-image-carousel swiper-wrapper\" aria-live=\"off\">\n\t\t\t\t\t\t\t\t<div class=\"swiper-slide\" role=\"group\" aria-roledescription=\"slide\" aria-label=\"1 von 6\"><figure class=\"swiper-slide-inner\"><img decoding=\"async\" class=\"swiper-slide-image\" src=\"https:\/\/penzionhosnar.com\/wp-content\/uploads\/elementor\/thumbs\/Penzion-Hosnar-Wellness-Stulc-Zornik-Photography-39-scaled-rh7jod7wf20pedczjjux4nwss68646fp40wqxkdoxc.jpg\" alt=\"Penzion Hosnar Wellness - S\u030ctulc Zornik Photography-39\" \/><\/figure><\/div><div class=\"swiper-slide\" role=\"group\" aria-roledescription=\"slide\" aria-label=\"2 von 6\"><figure class=\"swiper-slide-inner\"><img decoding=\"async\" class=\"swiper-slide-image\" src=\"https:\/\/penzionhosnar.com\/wp-content\/uploads\/elementor\/thumbs\/Penzion-Hosnar-Wellness-Stulc-Zornik-Photography-23-scaled-rh7jnx8n6vetx0074uy9g9xyomexhbo9dtthrv1dv4.jpg\" alt=\"Penzion Hosnar Wellness - S\u030ctulc Zornik Photography-23\" \/><\/figure><\/div><div class=\"swiper-slide\" role=\"group\" aria-roledescription=\"slide\" aria-label=\"3 von 6\"><figure class=\"swiper-slide-inner\"><img decoding=\"async\" class=\"swiper-slide-image\" src=\"https:\/\/penzionhosnar.com\/wp-content\/uploads\/elementor\/thumbs\/Penzion-Hosnar-Wellness-Stulc-Zornik-Photography-40-scaled-rh7joqdn2qipwwtvepjp3kl93kfb3xvxtu1jnfu6i8.jpg\" alt=\"Penzion Hosnar Wellness - S\u030ctulc Zornik Photography-40\" \/><\/figure><\/div><div class=\"swiper-slide\" role=\"group\" aria-roledescription=\"slide\" aria-label=\"4 von 6\"><figure class=\"swiper-slide-inner\"><img decoding=\"async\" class=\"swiper-slide-image\" src=\"https:\/\/penzionhosnar.com\/wp-content\/uploads\/elementor\/thumbs\/Penzion-Hosnar-Wellness-Stulc-Zornik-Photography-46-scaled-rh7k52slx0w7st35yrw5gg3syrv2ygrwqqfi2nlqb4.jpg\" alt=\"Penzion Hosnar Wellness - S\u030ctulc Zornik Photography-46\" \/><\/figure><\/div><div class=\"swiper-slide\" role=\"group\" aria-roledescription=\"slide\" aria-label=\"5 von 6\"><figure class=\"swiper-slide-inner\"><img decoding=\"async\" class=\"swiper-slide-image\" src=\"https:\/\/penzionhosnar.com\/wp-content\/uploads\/elementor\/thumbs\/Penzion-Hosnar-Wellness-Stulc-Zornik-Photography-16-scaled-rh7jnh9dyosyfmneq61lrvz4l2lougwtnmq8m5p2sw.jpg\" alt=\"Penzion Hosnar Wellness - S\u030ctulc Zornik Photography-16\" \/><\/figure><\/div><div class=\"swiper-slide\" role=\"group\" aria-roledescription=\"slide\" aria-label=\"6 von 6\"><figure class=\"swiper-slide-inner\"><img decoding=\"async\" class=\"swiper-slide-image\" src=\"https:\/\/penzionhosnar.com\/wp-content\/uploads\/elementor\/thumbs\/Penzion-Hosnar-Wellness-Stulc-Zornik-Photography-1-scaled-rh7k2xpuclypcs74gukqrzk096ezfa9x44xopys0hc.jpg\" alt=\"Penzion Hosnar Wellness - S\u030ctulc Zornik Photography-1\" \/><\/figure><\/div>\t\t\t<\/div>\n\t\t\t\t\t\t\t\t\t\t\t\t<div class=\"elementor-swiper-button elementor-swiper-button-prev\" role=\"button\" tabindex=\"0\">\n\t\t\t\t\t\t<svg aria-hidden=\"true\" class=\"e-font-icon-svg e-eicon-chevron-left\" viewBox=\"0 0 1000 1000\" xmlns=\"http:\/\/www.w3.org\/2000\/svg\"><path d=\"M646 125C629 125 613 133 604 142L308 442C296 454 292 471 292 487 292 504 296 521 308 533L604 854C617 867 629 875 646 875 663 875 679 871 692 858 704 846 713 829 713 812 713 796 708 779 692 767L438 487 692 225C700 217 708 204 708 187 708 171 704 154 692 142 675 129 663 125 646 125Z\"><\/path><\/svg>\t\t\t\t\t<\/div>\n\t\t\t\t\t<div class=\"elementor-swiper-button elementor-swiper-button-next\" role=\"button\" tabindex=\"0\">\n\t\t\t\t\t\t<svg aria-hidden=\"true\" class=\"e-font-icon-svg e-eicon-chevron-right\" viewBox=\"0 0 1000 1000\" xmlns=\"http:\/\/www.w3.org\/2000\/svg\"><path d=\"M696 533C708 521 713 504 713 487 713 471 708 454 696 446L400 146C388 133 375 125 354 125 338 125 325 129 313 142 300 154 292 171 292 187 292 204 296 221 308 233L563 492 304 771C292 783 288 800 288 817 288 833 296 850 308 863 321 871 338 875 354 875 371 875 388 867 400 854L696 533Z\"><\/path><\/svg>\t\t\t\t\t<\/div>\n\t\t\t\t\n\t\t\t\t\t\t\t\t\t<\/div>\n\t\t\t\t\t\t<\/div>\n\t\t\t\t<\/div>\n\t\t\t\t<\/div>\n\t\t<div class=\"elementor-element elementor-element-b46aa7f e-flex e-con-boxed e-con e-parent\" data-id=\"b46aa7f\" data-element_type=\"container\">\n\t\t\t\t\t<div class=\"e-con-inner\">\n\t\t\t\t<div class=\"elementor-element elementor-element-0fda381 elementor-widget elementor-widget-text-editor\" data-id=\"0fda381\" data-element_type=\"widget\" data-widget_type=\"text-editor.default\">\n\t\t\t\t<div class=\"elementor-widget-container\">\n\t\t\t\t\t\t\t\t\t<p> <\/p><p>In der <strong>Penzion Hosnar<\/strong> glauben wir, dass wahre Erholung Ruhe und Privatsph\u00e4re erfordert. Unsere Wellness-Oase im Freien ist ein privater R\u00fcckzugsort, an dem die Zeit stillzustehen scheint.  Nur wenige Schritte von unseren Apartments entfernt bietet es die perfekte Mischung aus frischer Bergluft und wohltuender W\u00e4rme. <\/p><p>Um ein v\u00f6llig ungest\u00f6rtes Erlebnis zu gew\u00e4hrleisten, steht unser Spa ausschlie\u00dflich f\u00fcr Privatpersonen zur Verf\u00fcgung. Ganz gleich, ob Sie einen romantischen Abend oder eine ruhige Flucht suchen, der gesamte Wellnessbereich ist nur f\u00fcr Sie reserviert. Sie k\u00f6nnen Ihren Wunschtermin ganz einfach an der Rezeption der Penzion buchen.  <\/p>\t\t\t\t\t\t\t\t<\/div>\n\t\t\t\t<\/div>\n\t\t\t\t<div class=\"elementor-element elementor-element-0c8644b elementor-list-item-link-full_width elementor-widget elementor-widget-icon-list\" data-id=\"0c8644b\" data-element_type=\"widget\" data-widget_type=\"icon-list.default\">\n\t\t\t\t<div class=\"elementor-widget-container\">\n\t\t\t\t\t\t\t<ul class=\"elementor-icon-list-items\">\n\t\t\t\t\t\t\t<li class=\"elementor-icon-list-item\">\n\t\t\t\t\t\t\t\t\t\t\t<span class=\"elementor-icon-list-icon\">\n\t\t\t\t\t\t\t<svg aria-hidden=\"true\" class=\"e-font-icon-svg e-fas-coffee\" viewBox=\"0 0 640 512\" xmlns=\"http:\/\/www.w3.org\/2000\/svg\"><path d=\"M192 384h192c53 0 96-43 96-96h32c70.6 0 128-57.4 128-128S582.6 32 512 32H120c-13.3 0-24 10.7-24 24v232c0 53 43 96 96 96zM512 96c35.3 0 64 28.7 64 64s-28.7 64-64 64h-32V96h32zm47.7 384H48.3c-47.6 0-61-64-36-64h583.3c25 0 11.8 64-35.9 64z\"><\/path><\/svg>\t\t\t\t\t\t<\/span>\n\t\t\t\t\t\t\t\t\t\t<span class=\"elementor-icon-list-text\"><b>S\u00fc\u00dfe und herzhafte Leckereien<\/b>: Um Ihr Erlebnis noch zu vers\u00fc\u00dfen, wird eine Auswahl an Snacks direkt am Whirlpool serviert.<\/span>\n\t\t\t\t\t\t\t\t\t<\/li>\n\t\t\t\t\t\t\t\t<li class=\"elementor-icon-list-item\">\n\t\t\t\t\t\t\t\t\t\t\t<span class=\"elementor-icon-list-icon\">\n\t\t\t\t\t\t\t<svg aria-hidden=\"true\" class=\"e-font-icon-svg e-far-clock\" viewBox=\"0 0 512 512\" xmlns=\"http:\/\/www.w3.org\/2000\/svg\"><path d=\"M256 8C119 8 8 119 8 256s111 248 248 248 248-111 248-248S393 8 256 8zm0 448c-110.5 0-200-89.5-200-200S145.5 56 256 56s200 89.5 200 200-89.5 200-200 200zm61.8-104.4l-84.9-61.7c-3.1-2.3-4.9-5.9-4.9-9.7V116c0-6.6 5.4-12 12-12h32c6.6 0 12 5.4 12 12v141.7l66.8 48.6c5.4 3.9 6.5 11.4 2.6 16.8L334.6 349c-3.9 5.3-11.4 6.5-16.8 2.6z\"><\/path><\/svg>\t\t\t\t\t\t<\/span>\n\t\t\t\t\t\t\t\t\t\t<span class=\"elementor-icon-list-text\"><b>3 Stunden absolute Privatsph\u00e4re<\/b>: Genie\u00dfen Sie den gesamten Wellnessbereich ganz f\u00fcr sich allein.<\/span>\n\t\t\t\t\t\t\t\t\t<\/li>\n\t\t\t\t\t\t\t\t<li class=\"elementor-icon-list-item\">\n\t\t\t\t\t\t\t\t\t\t\t<span class=\"elementor-icon-list-icon\">\n\t\t\t\t\t\t\t<svg aria-hidden=\"true\" class=\"e-font-icon-svg e-fas-spa\" viewBox=\"0 0 576 512\" xmlns=\"http:\/\/www.w3.org\/2000\/svg\"><path d=\"M568.25 192c-29.04.13-135.01 6.16-213.84 83-33.12 29.63-53.36 63.3-66.41 94.86-13.05-31.56-33.29-65.23-66.41-94.86-78.83-76.84-184.8-82.87-213.84-83-4.41-.02-7.79 3.4-7.75 7.82.23 27.92 7.14 126.14 88.77 199.3C172.79 480.94 256 480 288 480s115.19.95 199.23-80.88c81.64-73.17 88.54-171.38 88.77-199.3.04-4.42-3.34-7.84-7.75-7.82zM287.98 302.6c12.82-18.85 27.6-35.78 44.09-50.52 19.09-18.61 39.58-33.3 60.26-45.18-16.44-70.5-51.72-133.05-96.73-172.22-4.11-3.58-11.02-3.58-15.14 0-44.99 39.14-80.27 101.63-96.74 172.07 20.37 11.7 40.5 26.14 59.22 44.39a282.768 282.768 0 0 1 45.04 51.46z\"><\/path><\/svg>\t\t\t\t\t\t<\/span>\n\t\t\t\t\t\t\t\t\t\t<span class=\"elementor-icon-list-text\"><b>Au\u00dfensauna &amp; Whirlpool<\/b>: Die perfekte Kombination aus W\u00e4rme und Massageblasen.<\/span>\n\t\t\t\t\t\t\t\t\t<\/li>\n\t\t\t\t\t\t\t\t<li class=\"elementor-icon-list-item\">\n\t\t\t\t\t\t\t\t\t\t\t<span class=\"elementor-icon-list-icon\">\n\t\t\t\t\t\t\t<svg aria-hidden=\"true\" class=\"e-font-icon-svg e-far-heart\" viewBox=\"0 0 512 512\" xmlns=\"http:\/\/www.w3.org\/2000\/svg\"><path d=\"M458.4 64.3C400.6 15.7 311.3 23 256 79.3 200.7 23 111.4 15.6 53.6 64.3-21.6 127.6-10.6 230.8 43 285.5l175.4 178.7c10 10.2 23.4 15.9 37.6 15.9 14.3 0 27.6-5.6 37.6-15.8L469 285.6c53.5-54.7 64.7-157.9-10.6-221.3zm-23.6 187.5L259.4 430.5c-2.4 2.4-4.4 2.4-6.8 0L77.2 251.8c-36.5-37.2-43.9-107.6 7.3-150.7 38.9-32.7 98.9-27.8 136.5 10.5l35 35.7 35-35.7c37.8-38.5 97.8-43.2 136.5-10.6 51.1 43.1 43.5 113.9 7.3 150.8z\"><\/path><\/svg>\t\t\t\t\t\t<\/span>\n\t\t\t\t\t\t\t\t\t\t<span class=\"elementor-icon-list-text\"><b>Ultimativer Komfort:<\/b> Wir stellen f\u00fcr jeden Gast flauschige Badem\u00e4ntel und extra frische Handt\u00fccher bereit.<\/span>\n\t\t\t\t\t\t\t\t\t<\/li>\n\t\t\t\t\t\t<\/ul>\n\t\t\t\t\t\t<\/div>\n\t\t\t\t<\/div>\n\t\t\t\t\t<\/div>\n\t\t\t\t<\/div>\n\t\t<div class=\"elementor-element elementor-element-8706281 e-flex e-con-boxed e-con e-parent\" data-id=\"8706281\" data-element_type=\"container\">\n\t\t\t\t\t<div class=\"e-con-inner\">\n\t\t\t\t<div class=\"elementor-element elementor-element-cef77c8 elementor-cta--skin-classic elementor-animated-content elementor-bg-transform elementor-bg-transform-zoom-in elementor-widget elementor-widget-call-to-action\" data-id=\"cef77c8\" data-element_type=\"widget\" data-widget_type=\"call-to-action.default\">\n\t\t\t\t<div class=\"elementor-widget-container\">\n\t\t\t\t\t\t\t<div class=\"elementor-cta\">\n\t\t\t\t\t\t\t<div class=\"elementor-cta__content\">\n\t\t\t\t\n\t\t\t\t\n\t\t\t\t\n\t\t\t\t\t\t\t\t\t<div class=\"elementor-cta__button-wrapper elementor-cta__content-item elementor-content-item \">\n\t\t\t\t\t<a class=\"elementor-cta__button elementor-button elementor-size-\" href=\"https:\/\/bookingengine.mylighthouse.com\/penzion-hosnar-bovec?Language=en-US\" target=\"_blank\">\n\t\t\t\t\t\tWELLNESS MIT UNTERKUNFT BUCHEN\t\t\t\t\t<\/a>\n\t\t\t\t\t<\/div>\n\t\t\t\t\t\t\t<\/div>\n\t\t\t\t\t\t<\/div>\n\t\t\t\t\t\t<\/div>\n\t\t\t\t<\/div>\n\t\t\t\t\t<\/div>\n\t\t\t\t<\/div>\n\t\t<div class=\"elementor-element elementor-element-ad05c1b e-flex e-con-boxed e-con e-parent\" data-id=\"ad05c1b\" data-element_type=\"container\">\n\t\t\t\t\t<div class=\"e-con-inner\">\n\t\t\t\t<div class=\"elementor-element elementor-element-bb26617 elementor-widget elementor-widget-text-editor\" data-id=\"bb26617\" data-element_type=\"widget\" data-widget_type=\"text-editor.default\">\n\t\t\t\t<div class=\"elementor-widget-container\">\n\t\t\t\t\t\t\t\t\t<p>Oder kontaktieren Sie uns direkt f\u00fcr reine Wellness-Reservierungen: <strong>info@penzionhosnar.com | +386 51 395 031<\/strong><\/p>\t\t\t\t\t\t\t\t<\/div>\n\t\t\t\t<\/div>\n\t\t\t\t\t<\/div>\n\t\t\t\t<\/div>\n\t\t<div class=\"elementor-element elementor-element-501d6d7 e-grid e-con-boxed e-con e-parent\" data-id=\"501d6d7\" data-element_type=\"container\">\n\t\t\t\t\t<div class=\"e-con-inner\">\n\t\t\t\t\t<\/div>\n\t\t\t\t<\/div>\n\t\t\t\t<\/div>\n\t\t","protected":false},"excerpt":{"rendered":"<p>PRIVAT WELLNESSSauna &amp; Jacuzzi unter freiem Himmel Entfliehen Sie dem Alltag und tauchen Sie ein in das intime Ambiente unseres Outdoor-Spa. F\u00fcr Ihre ultimative Entspannung. In der Penzion Hosnar glauben wir, dass wahre Erholung Ruhe und Privatsph\u00e4re erfordert. Unsere Wellness-Oase im Freien ist ein privater R\u00fcckzugsort, an dem die Zeit stillzustehen scheint. Nur wenige Schritte [&hellip;]<\/p>\n","protected":false},"author":8,"featured_media":0,"parent":0,"menu_order":0,"comment_status":"closed","ping_status":"closed","template":"elementor_header_footer","meta":{"footnotes":""},"class_list":["post-2516","page","type-page","status-publish","hentry"],"yoast_head":"<!-- This site is optimized with the Yoast SEO plugin v26.6 - https:\/\/yoast.com\/wordpress\/plugins\/seo\/ -->\n<title>Privat Wellness - Penzion Hosnar<\/title>\n<meta name=\"description\" content=\"Erleben Sie ultimative Entspannung im Private Wellness der Penzion Hosnar. Genie\u00dfen Sie eine Au\u00dfensauna und einen Jacuzzi unter freiem Himmel, exklusiv f\u00fcr Sie. 3 Stunden absolute Privatsph\u00e4re und Komfort in Bovec.\" \/>\n<meta name=\"robots\" content=\"index, follow, max-snippet:-1, max-image-preview:large, max-video-preview:-1\" \/>\n<link rel=\"canonical\" href=\"https:\/\/penzionhosnar.com\/de\/privat-wellness\/\" \/>\n<meta property=\"og:locale\" content=\"de_DE\" \/>\n<meta property=\"og:type\" content=\"article\" \/>\n<meta property=\"og:title\" content=\"Privat Wellness - Penzion Hosnar\" \/>\n<meta property=\"og:description\" content=\"Erleben Sie ultimative Entspannung im Private Wellness der Penzion Hosnar. Genie\u00dfen Sie eine Au\u00dfensauna und einen Jacuzzi unter freiem Himmel, exklusiv f\u00fcr Sie. 3 Stunden absolute Privatsph\u00e4re und Komfort in Bovec.\" \/>\n<meta property=\"og:url\" content=\"https:\/\/penzionhosnar.com\/de\/privat-wellness\/\" \/>\n<meta property=\"og:site_name\" content=\"Penzion Hosnar\" \/>\n<meta property=\"article:publisher\" content=\"https:\/\/www.facebook.com\/p\/Apartmaji-Hosnar-Bovec-100090536262526\/\" \/>\n<meta property=\"article:modified_time\" content=\"2026-04-08T10:45:07+00:00\" \/>\n<meta property=\"og:image\" content=\"https:\/\/penzionhosnar.com\/wp-content\/uploads\/elementor\/thumbs\/Penzion-Hosnar-Wellness-Stulc-Zornik-Photography-39-scaled-rh7jod7wf20pedczjjux4nwss68646fp40wqxkdoxc.jpg\" \/>\n<meta name=\"twitter:card\" content=\"summary_large_image\" \/>\n<meta name=\"twitter:label1\" content=\"Gesch\u00e4tzte Lesezeit\" \/>\n\t<meta name=\"twitter:data1\" content=\"1\u00a0Minute\" \/>\n<script type=\"application\/ld+json\" class=\"yoast-schema-graph\">{\"@context\":\"https:\/\/schema.org\",\"@graph\":[{\"@type\":\"WebPage\",\"@id\":\"https:\/\/penzionhosnar.com\/de\/privat-wellness\/\",\"url\":\"https:\/\/penzionhosnar.com\/de\/privat-wellness\/\",\"name\":\"Privat Wellness - Penzion Hosnar\",\"isPartOf\":{\"@id\":\"https:\/\/penzionhosnar.com\/de\/#website\"},\"primaryImageOfPage\":{\"@id\":\"https:\/\/penzionhosnar.com\/de\/privat-wellness\/#primaryimage\"},\"image\":{\"@id\":\"https:\/\/penzionhosnar.com\/de\/privat-wellness\/#primaryimage\"},\"thumbnailUrl\":\"https:\/\/penzionhosnar.com\/wp-content\/uploads\/elementor\/thumbs\/Penzion-Hosnar-Wellness-Stulc-Zornik-Photography-39-scaled-rh7jod7wf20pedczjjux4nwss68646fp40wqxkdoxc.jpg\",\"datePublished\":\"2026-01-05T18:34:59+00:00\",\"dateModified\":\"2026-04-08T10:45:07+00:00\",\"description\":\"Erleben Sie ultimative Entspannung im Private Wellness der Penzion Hosnar. Genie\u00dfen Sie eine Au\u00dfensauna und einen Jacuzzi unter freiem Himmel, exklusiv f\u00fcr Sie. 3 Stunden absolute Privatsph\u00e4re und Komfort in Bovec.\",\"breadcrumb\":{\"@id\":\"https:\/\/penzionhosnar.com\/de\/privat-wellness\/#breadcrumb\"},\"inLanguage\":\"de\",\"potentialAction\":[{\"@type\":\"ReadAction\",\"target\":[\"https:\/\/penzionhosnar.com\/de\/privat-wellness\/\"]}]},{\"@type\":\"ImageObject\",\"inLanguage\":\"de\",\"@id\":\"https:\/\/penzionhosnar.com\/de\/privat-wellness\/#primaryimage\",\"url\":\"https:\/\/penzionhosnar.com\/wp-content\/uploads\/elementor\/thumbs\/Penzion-Hosnar-Wellness-Stulc-Zornik-Photography-39-scaled-rh7jod7wf20pedczjjux4nwss68646fp40wqxkdoxc.jpg\",\"contentUrl\":\"https:\/\/penzionhosnar.com\/wp-content\/uploads\/elementor\/thumbs\/Penzion-Hosnar-Wellness-Stulc-Zornik-Photography-39-scaled-rh7jod7wf20pedczjjux4nwss68646fp40wqxkdoxc.jpg\"},{\"@type\":\"BreadcrumbList\",\"@id\":\"https:\/\/penzionhosnar.com\/de\/privat-wellness\/#breadcrumb\",\"itemListElement\":[{\"@type\":\"ListItem\",\"position\":1,\"name\":\"Home\",\"item\":\"https:\/\/penzionhosnar.com\/de\/startseite\/\"},{\"@type\":\"ListItem\",\"position\":2,\"name\":\"Privat Wellness\"}]},{\"@type\":\"WebSite\",\"@id\":\"https:\/\/penzionhosnar.com\/de\/#website\",\"url\":\"https:\/\/penzionhosnar.com\/de\/\",\"name\":\"Penzion Hosnar\",\"description\":\"Penzion Hosnar\",\"publisher\":{\"@id\":\"https:\/\/penzionhosnar.com\/de\/#organization\"},\"alternateName\":\"Pension Hosnar\",\"potentialAction\":[{\"@type\":\"SearchAction\",\"target\":{\"@type\":\"EntryPoint\",\"urlTemplate\":\"https:\/\/penzionhosnar.com\/de\/?s={search_term_string}\"},\"query-input\":{\"@type\":\"PropertyValueSpecification\",\"valueRequired\":true,\"valueName\":\"search_term_string\"}}],\"inLanguage\":\"de\"},{\"@type\":\"Organization\",\"@id\":\"https:\/\/penzionhosnar.com\/de\/#organization\",\"name\":\"Penzion Hosnar\",\"alternateName\":\"Pension Hosnar\",\"url\":\"https:\/\/penzionhosnar.com\/de\/\",\"logo\":{\"@type\":\"ImageObject\",\"inLanguage\":\"de\",\"@id\":\"https:\/\/penzionhosnar.com\/de\/#\/schema\/logo\/image\/\",\"url\":\"https:\/\/penzionhosnar.com\/wp-content\/uploads\/2025\/06\/Penzion-Hosnar_logo_transparent.png\",\"contentUrl\":\"https:\/\/penzionhosnar.com\/wp-content\/uploads\/2025\/06\/Penzion-Hosnar_logo_transparent.png\",\"width\":1000,\"height\":848,\"caption\":\"Penzion Hosnar\"},\"image\":{\"@id\":\"https:\/\/penzionhosnar.com\/de\/#\/schema\/logo\/image\/\"},\"sameAs\":[\"https:\/\/www.facebook.com\/p\/Apartmaji-Hosnar-Bovec-100090536262526\/\",\"https:\/\/www.instagram.com\/penzionhosnar\/\"]}]}<\/script>\n<!-- \/ Yoast SEO plugin. -->","yoast_head_json":{"title":"Privat Wellness - Penzion Hosnar","description":"Erleben Sie ultimative Entspannung im Private Wellness der Penzion Hosnar. Genie\u00dfen Sie eine Au\u00dfensauna und einen Jacuzzi unter freiem Himmel, exklusiv f\u00fcr Sie. 3 Stunden absolute Privatsph\u00e4re und Komfort in Bovec.","robots":{"index":"index","follow":"follow","max-snippet":"max-snippet:-1","max-image-preview":"max-image-preview:large","max-video-preview":"max-video-preview:-1"},"canonical":"https:\/\/penzionhosnar.com\/de\/privat-wellness\/","og_locale":"de_DE","og_type":"article","og_title":"Privat Wellness - Penzion Hosnar","og_description":"Erleben Sie ultimative Entspannung im Private Wellness der Penzion Hosnar. Genie\u00dfen Sie eine Au\u00dfensauna und einen Jacuzzi unter freiem Himmel, exklusiv f\u00fcr Sie. 3 Stunden absolute Privatsph\u00e4re und Komfort in Bovec.","og_url":"https:\/\/penzionhosnar.com\/de\/privat-wellness\/","og_site_name":"Penzion Hosnar","article_publisher":"https:\/\/www.facebook.com\/p\/Apartmaji-Hosnar-Bovec-100090536262526\/","article_modified_time":"2026-04-08T10:45:07+00:00","og_image":[{"url":"https:\/\/penzionhosnar.com\/wp-content\/uploads\/elementor\/thumbs\/Penzion-Hosnar-Wellness-Stulc-Zornik-Photography-39-scaled-rh7jod7wf20pedczjjux4nwss68646fp40wqxkdoxc.jpg","type":"","width":"","height":""}],"twitter_card":"summary_large_image","twitter_misc":{"Gesch\u00e4tzte Lesezeit":"1\u00a0Minute"},"schema":{"@context":"https:\/\/schema.org","@graph":[{"@type":"WebPage","@id":"https:\/\/penzionhosnar.com\/de\/privat-wellness\/","url":"https:\/\/penzionhosnar.com\/de\/privat-wellness\/","name":"Privat Wellness - Penzion Hosnar","isPartOf":{"@id":"https:\/\/penzionhosnar.com\/de\/#website"},"primaryImageOfPage":{"@id":"https:\/\/penzionhosnar.com\/de\/privat-wellness\/#primaryimage"},"image":{"@id":"https:\/\/penzionhosnar.com\/de\/privat-wellness\/#primaryimage"},"thumbnailUrl":"https:\/\/penzionhosnar.com\/wp-content\/uploads\/elementor\/thumbs\/Penzion-Hosnar-Wellness-Stulc-Zornik-Photography-39-scaled-rh7jod7wf20pedczjjux4nwss68646fp40wqxkdoxc.jpg","datePublished":"2026-01-05T18:34:59+00:00","dateModified":"2026-04-08T10:45:07+00:00","description":"Erleben Sie ultimative Entspannung im Private Wellness der Penzion Hosnar. Genie\u00dfen Sie eine Au\u00dfensauna und einen Jacuzzi unter freiem Himmel, exklusiv f\u00fcr Sie. 3 Stunden absolute Privatsph\u00e4re und Komfort in Bovec.","breadcrumb":{"@id":"https:\/\/penzionhosnar.com\/de\/privat-wellness\/#breadcrumb"},"inLanguage":"de","potentialAction":[{"@type":"ReadAction","target":["https:\/\/penzionhosnar.com\/de\/privat-wellness\/"]}]},{"@type":"ImageObject","inLanguage":"de","@id":"https:\/\/penzionhosnar.com\/de\/privat-wellness\/#primaryimage","url":"https:\/\/penzionhosnar.com\/wp-content\/uploads\/elementor\/thumbs\/Penzion-Hosnar-Wellness-Stulc-Zornik-Photography-39-scaled-rh7jod7wf20pedczjjux4nwss68646fp40wqxkdoxc.jpg","contentUrl":"https:\/\/penzionhosnar.com\/wp-content\/uploads\/elementor\/thumbs\/Penzion-Hosnar-Wellness-Stulc-Zornik-Photography-39-scaled-rh7jod7wf20pedczjjux4nwss68646fp40wqxkdoxc.jpg"},{"@type":"BreadcrumbList","@id":"https:\/\/penzionhosnar.com\/de\/privat-wellness\/#breadcrumb","itemListElement":[{"@type":"ListItem","position":1,"name":"Home","item":"https:\/\/penzionhosnar.com\/de\/startseite\/"},{"@type":"ListItem","position":2,"name":"Privat Wellness"}]},{"@type":"WebSite","@id":"https:\/\/penzionhosnar.com\/de\/#website","url":"https:\/\/penzionhosnar.com\/de\/","name":"Penzion Hosnar","description":"Penzion Hosnar","publisher":{"@id":"https:\/\/penzionhosnar.com\/de\/#organization"},"alternateName":"Pension Hosnar","potentialAction":[{"@type":"SearchAction","target":{"@type":"EntryPoint","urlTemplate":"https:\/\/penzionhosnar.com\/de\/?s={search_term_string}"},"query-input":{"@type":"PropertyValueSpecification","valueRequired":true,"valueName":"search_term_string"}}],"inLanguage":"de"},{"@type":"Organization","@id":"https:\/\/penzionhosnar.com\/de\/#organization","name":"Penzion Hosnar","alternateName":"Pension Hosnar","url":"https:\/\/penzionhosnar.com\/de\/","logo":{"@type":"ImageObject","inLanguage":"de","@id":"https:\/\/penzionhosnar.com\/de\/#\/schema\/logo\/image\/","url":"https:\/\/penzionhosnar.com\/wp-content\/uploads\/2025\/06\/Penzion-Hosnar_logo_transparent.png","contentUrl":"https:\/\/penzionhosnar.com\/wp-content\/uploads\/2025\/06\/Penzion-Hosnar_logo_transparent.png","width":1000,"height":848,"caption":"Penzion Hosnar"},"image":{"@id":"https:\/\/penzionhosnar.com\/de\/#\/schema\/logo\/image\/"},"sameAs":["https:\/\/www.facebook.com\/p\/Apartmaji-Hosnar-Bovec-100090536262526\/","https:\/\/www.instagram.com\/penzionhosnar\/"]}]}},"_links":{"self":[{"href":"https:\/\/penzionhosnar.com\/de\/wp-json\/wp\/v2\/pages\/2516","targetHints":{"allow":["GET"]}}],"collection":[{"href":"https:\/\/penzionhosnar.com\/de\/wp-json\/wp\/v2\/pages"}],"about":[{"href":"https:\/\/penzionhosnar.com\/de\/wp-json\/wp\/v2\/types\/page"}],"author":[{"embeddable":true,"href":"https:\/\/penzionhosnar.com\/de\/wp-json\/wp\/v2\/users\/8"}],"replies":[{"embeddable":true,"href":"https:\/\/penzionhosnar.com\/de\/wp-json\/wp\/v2\/comments?post=2516"}],"version-history":[{"count":7,"href":"https:\/\/penzionhosnar.com\/de\/wp-json\/wp\/v2\/pages\/2516\/revisions"}],"predecessor-version":[{"id":2543,"href":"https:\/\/penzionhosnar.com\/de\/wp-json\/wp\/v2\/pages\/2516\/revisions\/2543"}],"wp:attachment":[{"href":"https:\/\/penzionhosnar.com\/de\/wp-json\/wp\/v2\/media?parent=2516"}],"curies":[{"name":"wp","href":"https:\/\/api.w.org\/{rel}","templated":true}]}}